{"id":246,"date":"2022-03-17T17:31:13","date_gmt":"2022-03-17T16:31:13","guid":{"rendered":"http:\/\/spa.revitacareacademy.com\/documents-multimedia\/"},"modified":"2024-06-26T10:45:29","modified_gmt":"2024-06-26T08:45:29","slug":"supports-multimedia","status":"publish","type":"page","link":"https:\/\/spa.revitacareacademy.com\/fr\/supports-multimedia\/","title":{"rendered":"SUPPORTS MULTIM\u00c9DIA"},"content":{"rendered":"<div class=\"swpm-post-not-logged-in-msg\">You need to be logged in to view this content. Veuillez <a class=\"swpm-login-link\" href=\"https:\/\/spa.revitacareacademy.com\">Log In<\/a>. Not a Member? <a href=\"https:\/\/www.revitacareacademy.com\/\">Nous Rejoindre<\/a><\/div>","protected":false},"excerpt":{"rendered":"<p>D\u00c9COUVREZ NOS SUPPPORTS MULTIM\u00c9DIASPAAcademyCYTOCARE 640 C Line avec C Line plasma Avant et apr\u00e8s CYTOCARE 640 C Line avec C LineTouch\u00a0\u00a0CYTOCARE 532 C Line Tutorial \u2013 C Line Touch Electroporation [&hellip;]<\/p>\n","protected":false},"author":1,"featured_media":0,"parent":0,"menu_order":0,"comment_status":"closed","ping_status":"closed","template":"","meta":{"_et_pb_use_builder":"on","_et_pb_old_content":"","_et_gb_content_width":"","footnotes":""},"class_list":["post-246","page","type-page","status-publish","hentry"],"yoast_head":"<!-- This site is optimized with the Yoast SEO plugin v23.8 - https:\/\/yoast.com\/wordpress\/plugins\/seo\/ -->\n<title>SUPPORTS MULTIM\u00c9DIA - SPA ACADEMY<\/title>\n<meta name=\"robots\" content=\"index, follow, max-snippet:-1, max-image-preview:large, max-video-preview:-1\" \/>\n<link rel=\"canonical\" href=\"https:\/\/spa.revitacareacademy.com\/fr\/supports-multimedia\/\" \/>\n<meta property=\"og:locale\" content=\"fr_FR\" \/>\n<meta property=\"og:type\" content=\"article\" \/>\n<meta property=\"og:title\" content=\"SUPPORTS MULTIM\u00c9DIA - SPA ACADEMY\" \/>\n<meta property=\"og:description\" content=\"D\u00c9COUVREZ NOS SUPPPORTS MULTIM\u00c9DIASPAAcademyCYTOCARE 640 C Line avec C Line plasma Avant et apr\u00e8s CYTOCARE 640 C Line avec C LineTouch\u00a0\u00a0CYTOCARE 532 C Line Tutorial \u2013 C Line Touch Electroporation [&hellip;]\" \/>\n<meta property=\"og:url\" content=\"https:\/\/spa.revitacareacademy.com\/fr\/supports-multimedia\/\" \/>\n<meta property=\"og:site_name\" content=\"SPA ACADEMY\" \/>\n<meta property=\"article:modified_time\" content=\"2024-06-26T08:45:29+00:00\" \/>\n<meta name=\"twitter:card\" content=\"summary_large_image\" \/>\n<meta name=\"twitter:label1\" content=\"Dur\u00e9e de lecture estim\u00e9e\" \/>\n\t<meta name=\"twitter:data1\" content=\"2 minutes\" \/>\n<script type=\"application\/ld+json\" class=\"yoast-schema-graph\">{\"@context\":\"https:\/\/schema.org\",\"@graph\":[{\"@type\":\"WebPage\",\"@id\":\"https:\/\/spa.revitacareacademy.com\/fr\/supports-multimedia\/\",\"url\":\"https:\/\/spa.revitacareacademy.com\/fr\/supports-multimedia\/\",\"name\":\"SUPPORTS MULTIM\u00c9DIA - SPA ACADEMY\",\"isPartOf\":{\"@id\":\"https:\/\/spa.revitacareacademy.com\/fr\/#website\"},\"datePublished\":\"2022-03-17T16:31:13+00:00\",\"dateModified\":\"2024-06-26T08:45:29+00:00\",\"breadcrumb\":{\"@id\":\"https:\/\/spa.revitacareacademy.com\/fr\/supports-multimedia\/#breadcrumb\"},\"inLanguage\":\"fr-FR\",\"potentialAction\":[{\"@type\":\"ReadAction\",\"target\":[\"https:\/\/spa.revitacareacademy.com\/fr\/supports-multimedia\/\"]}]},{\"@type\":\"BreadcrumbList\",\"@id\":\"https:\/\/spa.revitacareacademy.com\/fr\/supports-multimedia\/#breadcrumb\",\"itemListElement\":[{\"@type\":\"ListItem\",\"position\":1,\"name\":\"Accueil\",\"item\":\"https:\/\/spa.revitacareacademy.com\/fr\/\"},{\"@type\":\"ListItem\",\"position\":2,\"name\":\"SUPPORTS MULTIM\u00c9DIA\"}]},{\"@type\":\"WebSite\",\"@id\":\"https:\/\/spa.revitacareacademy.com\/fr\/#website\",\"url\":\"https:\/\/spa.revitacareacademy.com\/fr\/\",\"name\":\"SPA ACADEMY\",\"description\":\"Welcome to the Spa Academy by Revitacare\",\"potentialAction\":[{\"@type\":\"SearchAction\",\"target\":{\"@type\":\"EntryPoint\",\"urlTemplate\":\"https:\/\/spa.revitacareacademy.com\/fr\/?s={search_term_string}\"},\"query-input\":{\"@type\":\"PropertyValueSpecification\",\"valueRequired\":true,\"valueName\":\"search_term_string\"}}],\"inLanguage\":\"fr-FR\"}]}<\/script>\n<!-- \/ Yoast SEO plugin. -->","yoast_head_json":{"title":"SUPPORTS MULTIM\u00c9DIA - SPA ACADEMY","robots":{"index":"index","follow":"follow","max-snippet":"max-snippet:-1","max-image-preview":"max-image-preview:large","max-video-preview":"max-video-preview:-1"},"canonical":"https:\/\/spa.revitacareacademy.com\/fr\/supports-multimedia\/","og_locale":"fr_FR","og_type":"article","og_title":"SUPPORTS MULTIM\u00c9DIA - SPA ACADEMY","og_description":"D\u00c9COUVREZ NOS SUPPPORTS MULTIM\u00c9DIASPAAcademyCYTOCARE 640 C Line avec C Line plasma Avant et apr\u00e8s CYTOCARE 640 C Line avec C LineTouch\u00a0\u00a0CYTOCARE 532 C Line Tutorial \u2013 C Line Touch Electroporation [&hellip;]","og_url":"https:\/\/spa.revitacareacademy.com\/fr\/supports-multimedia\/","og_site_name":"SPA ACADEMY","article_modified_time":"2024-06-26T08:45:29+00:00","twitter_card":"summary_large_image","twitter_misc":{"Dur\u00e9e de lecture estim\u00e9e":"2 minutes"},"schema":{"@context":"https:\/\/schema.org","@graph":[{"@type":"WebPage","@id":"https:\/\/spa.revitacareacademy.com\/fr\/supports-multimedia\/","url":"https:\/\/spa.revitacareacademy.com\/fr\/supports-multimedia\/","name":"SUPPORTS MULTIM\u00c9DIA - SPA ACADEMY","isPartOf":{"@id":"https:\/\/spa.revitacareacademy.com\/fr\/#website"},"datePublished":"2022-03-17T16:31:13+00:00","dateModified":"2024-06-26T08:45:29+00:00","breadcrumb":{"@id":"https:\/\/spa.revitacareacademy.com\/fr\/supports-multimedia\/#breadcrumb"},"inLanguage":"fr-FR","potentialAction":[{"@type":"ReadAction","target":["https:\/\/spa.revitacareacademy.com\/fr\/supports-multimedia\/"]}]},{"@type":"BreadcrumbList","@id":"https:\/\/spa.revitacareacademy.com\/fr\/supports-multimedia\/#breadcrumb","itemListElement":[{"@type":"ListItem","position":1,"name":"Accueil","item":"https:\/\/spa.revitacareacademy.com\/fr\/"},{"@type":"ListItem","position":2,"name":"SUPPORTS MULTIM\u00c9DIA"}]},{"@type":"WebSite","@id":"https:\/\/spa.revitacareacademy.com\/fr\/#website","url":"https:\/\/spa.revitacareacademy.com\/fr\/","name":"SPA ACADEMY","description":"Welcome to the Spa Academy by Revitacare","potentialAction":[{"@type":"SearchAction","target":{"@type":"EntryPoint","urlTemplate":"https:\/\/spa.revitacareacademy.com\/fr\/?s={search_term_string}"},"query-input":{"@type":"PropertyValueSpecification","valueRequired":true,"valueName":"search_term_string"}}],"inLanguage":"fr-FR"}]}},"_links":{"self":[{"href":"https:\/\/spa.revitacareacademy.com\/fr\/wp-json\/wp\/v2\/pages\/246","targetHints":{"allow":["GET"]}}],"collection":[{"href":"https:\/\/spa.revitacareacademy.com\/fr\/wp-json\/wp\/v2\/pages"}],"about":[{"href":"https:\/\/spa.revitacareacademy.com\/fr\/wp-json\/wp\/v2\/types\/page"}],"author":[{"embeddable":true,"href":"https:\/\/spa.revitacareacademy.com\/fr\/wp-json\/wp\/v2\/users\/1"}],"replies":[{"embeddable":true,"href":"https:\/\/spa.revitacareacademy.com\/fr\/wp-json\/wp\/v2\/comments?post=246"}],"version-history":[{"count":43,"href":"https:\/\/spa.revitacareacademy.com\/fr\/wp-json\/wp\/v2\/pages\/246\/revisions"}],"predecessor-version":[{"id":1468,"href":"https:\/\/spa.revitacareacademy.com\/fr\/wp-json\/wp\/v2\/pages\/246\/revisions\/1468"}],"wp:attachment":[{"href":"https:\/\/spa.revitacareacademy.com\/fr\/wp-json\/wp\/v2\/media?parent=246"}],"curies":[{"name":"wp","href":"https:\/\/api.w.org\/{rel}","templated":true}]}}