{"id":767,"date":"2022-06-02T15:28:27","date_gmt":"2022-06-02T13:28:27","guid":{"rendered":"https:\/\/spa.revitacareacademy.com\/mon-compte\/"},"modified":"2022-08-03T12:45:36","modified_gmt":"2022-08-03T10:45:36","slug":"mon-compte","status":"publish","type":"page","link":"https:\/\/spa.revitacareacademy.com\/fr\/mon-compte\/","title":{"rendered":"MON COMPTE"},"content":{"rendered":"<div class=\"swpm-post-not-logged-in-msg\">You need to be logged in to view this content. Veuillez <a class=\"swpm-login-link\" href=\"https:\/\/spa.revitacareacademy.com\">Log In<\/a>. Not a Member? <a href=\"https:\/\/www.revitacareacademy.com\/\">Nous Rejoindre<\/a><\/div>","protected":false},"excerpt":{"rendered":"<p>Mon compte &#8211; Spa Academy<div class=\"swpm_profile_not_logged_in_msg\">Vous n\u2019\u00eates pas connect\u00e9.<\/div> R\u00c9INITIALISEZ VOTRE MOT DE PASSE <div class=\"swpm-pw-reset-widget-form\">\n    <form id=\"swpm-pw-reset-form\" name=\"swpm-reset-form\" method=\"post\" action=\"\">\n        <div class=\"swpm-pw-reset-widget-inside\">\n            <div class=\"swpm-pw-reset-email swpm-margin-top-10\">\n                <label for=\"swpm_reset_email\" class=\"swpm_label swpm-pw-reset-email-label\">Adresse Email<\/label>\n            <\/div>\n            <div class=\"swpm-pw-reset-email-input swpm-margin-top-10\">\n                <input type=\"text\" name=\"swpm_reset_email\" class=\"swpm-text-field swpm-pw-reset-text\" id=\"swpm_reset_email\"  value=\"\" size=\"30\" \/>\n            <\/div>\n            <div class=\"swpm-before-login-submit-section\"><\/div>\n            <div class=\"swpm-pw-reset-submit-button\">\n                <input type=\"submit\" name=\"swpm-reset\" class=\"swpm-pw-reset-submit\" value=\"R\u00e9initialiser le mot de passe\" \/>\n            <\/div>\n        <\/div>\n    <\/form>\n<\/div>\n<div class=\"swpm_pass_reset_processing_msg_section\">\n    <p id=\"swpm_pass_reset_processing_msg\" hidden=\"hidden\">\n        Processing password reset request...    <\/p>\n<\/div>\n<script>\n  document.getElementById(\"swpm-pw-reset-form\").addEventListener(\"submit\", function() {\n  let p = document.getElementById('swpm_pass_reset_processing_msg');\n    p.removeAttribute(\"hidden\");\n  });\n<\/script>\nSi vous avez des questions, n&rsquo;h\u00e9sitez pas \u00e0 nous contacter !WEBINAIRESSUPPORTS MULTIM\u00c9DIA\u00c9V\u00c8NEMENTSNOUS CONTACTERMON COMPTEPolitique de confidentialit\u00e9CookiesMentions l\u00e9galesCGU<\/p>\n","protected":false},"author":1,"featured_media":0,"parent":0,"menu_order":0,"comment_status":"closed","ping_status":"closed","template":"","meta":{"_et_pb_use_builder":"on","_et_pb_old_content":"","_et_gb_content_width":"","footnotes":""},"class_list":["post-767","page","type-page","status-publish","hentry"],"yoast_head":"<!-- This site is optimized with the Yoast SEO plugin v23.8 - https:\/\/yoast.com\/wordpress\/plugins\/seo\/ -->\n<title>MON COMPTE - SPA ACADEMY<\/title>\n<meta name=\"robots\" content=\"index, follow, max-snippet:-1, max-image-preview:large, max-video-preview:-1\" \/>\n<link rel=\"canonical\" href=\"https:\/\/spa.revitacareacademy.com\/fr\/mon-compte\/\" \/>\n<meta property=\"og:locale\" content=\"fr_FR\" \/>\n<meta property=\"og:type\" content=\"article\" \/>\n<meta property=\"og:title\" content=\"MON COMPTE - SPA ACADEMY\" \/>\n<meta property=\"og:description\" content=\"Mon compte - Spa Academy R\u00c9INITIALISEZ VOTRE MOT DE PASSE Si vous avez des questions, n&#039;h\u00e9sitez pas \u00e0 nous contacter !WEBINAIRESSUPPORTS MULTIM\u00c9DIA\u00c9V\u00c8NEMENTSNOUS CONTACTERMON COMPTEPolitique de confidentialit\u00e9CookiesMentions l\u00e9galesCGU\" \/>\n<meta property=\"og:url\" content=\"https:\/\/spa.revitacareacademy.com\/fr\/mon-compte\/\" \/>\n<meta property=\"og:site_name\" content=\"SPA ACADEMY\" \/>\n<meta property=\"article:modified_time\" content=\"2022-08-03T10:45:36+00:00\" \/>\n<meta name=\"twitter:card\" content=\"summary_large_image\" \/>\n<meta name=\"twitter:label1\" content=\"Dur\u00e9e de lecture estim\u00e9e\" \/>\n\t<meta name=\"twitter:data1\" content=\"4 minutes\" \/>\n<script type=\"application\/ld+json\" class=\"yoast-schema-graph\">{\"@context\":\"https:\/\/schema.org\",\"@graph\":[{\"@type\":\"WebPage\",\"@id\":\"https:\/\/spa.revitacareacademy.com\/fr\/mon-compte\/\",\"url\":\"https:\/\/spa.revitacareacademy.com\/fr\/mon-compte\/\",\"name\":\"MON COMPTE - SPA ACADEMY\",\"isPartOf\":{\"@id\":\"https:\/\/spa.revitacareacademy.com\/fr\/#website\"},\"datePublished\":\"2022-06-02T13:28:27+00:00\",\"dateModified\":\"2022-08-03T10:45:36+00:00\",\"breadcrumb\":{\"@id\":\"https:\/\/spa.revitacareacademy.com\/fr\/mon-compte\/#breadcrumb\"},\"inLanguage\":\"fr-FR\",\"potentialAction\":[{\"@type\":\"ReadAction\",\"target\":[\"https:\/\/spa.revitacareacademy.com\/fr\/mon-compte\/\"]}]},{\"@type\":\"BreadcrumbList\",\"@id\":\"https:\/\/spa.revitacareacademy.com\/fr\/mon-compte\/#breadcrumb\",\"itemListElement\":[{\"@type\":\"ListItem\",\"position\":1,\"name\":\"Accueil\",\"item\":\"https:\/\/spa.revitacareacademy.com\/fr\/\"},{\"@type\":\"ListItem\",\"position\":2,\"name\":\"MON COMPTE\"}]},{\"@type\":\"WebSite\",\"@id\":\"https:\/\/spa.revitacareacademy.com\/fr\/#website\",\"url\":\"https:\/\/spa.revitacareacademy.com\/fr\/\",\"name\":\"SPA ACADEMY\",\"description\":\"Welcome to the Spa Academy by Revitacare\",\"potentialAction\":[{\"@type\":\"SearchAction\",\"target\":{\"@type\":\"EntryPoint\",\"urlTemplate\":\"https:\/\/spa.revitacareacademy.com\/fr\/?s={search_term_string}\"},\"query-input\":{\"@type\":\"PropertyValueSpecification\",\"valueRequired\":true,\"valueName\":\"search_term_string\"}}],\"inLanguage\":\"fr-FR\"}]}<\/script>\n<!-- \/ Yoast SEO plugin. -->","yoast_head_json":{"title":"MON COMPTE - SPA ACADEMY","robots":{"index":"index","follow":"follow","max-snippet":"max-snippet:-1","max-image-preview":"max-image-preview:large","max-video-preview":"max-video-preview:-1"},"canonical":"https:\/\/spa.revitacareacademy.com\/fr\/mon-compte\/","og_locale":"fr_FR","og_type":"article","og_title":"MON COMPTE - SPA ACADEMY","og_description":"Mon compte - Spa Academy R\u00c9INITIALISEZ VOTRE MOT DE PASSE Si vous avez des questions, n'h\u00e9sitez pas \u00e0 nous contacter !WEBINAIRESSUPPORTS MULTIM\u00c9DIA\u00c9V\u00c8NEMENTSNOUS CONTACTERMON COMPTEPolitique de confidentialit\u00e9CookiesMentions l\u00e9galesCGU","og_url":"https:\/\/spa.revitacareacademy.com\/fr\/mon-compte\/","og_site_name":"SPA ACADEMY","article_modified_time":"2022-08-03T10:45:36+00:00","twitter_card":"summary_large_image","twitter_misc":{"Dur\u00e9e de lecture estim\u00e9e":"4 minutes"},"schema":{"@context":"https:\/\/schema.org","@graph":[{"@type":"WebPage","@id":"https:\/\/spa.revitacareacademy.com\/fr\/mon-compte\/","url":"https:\/\/spa.revitacareacademy.com\/fr\/mon-compte\/","name":"MON COMPTE - SPA ACADEMY","isPartOf":{"@id":"https:\/\/spa.revitacareacademy.com\/fr\/#website"},"datePublished":"2022-06-02T13:28:27+00:00","dateModified":"2022-08-03T10:45:36+00:00","breadcrumb":{"@id":"https:\/\/spa.revitacareacademy.com\/fr\/mon-compte\/#breadcrumb"},"inLanguage":"fr-FR","potentialAction":[{"@type":"ReadAction","target":["https:\/\/spa.revitacareacademy.com\/fr\/mon-compte\/"]}]},{"@type":"BreadcrumbList","@id":"https:\/\/spa.revitacareacademy.com\/fr\/mon-compte\/#breadcrumb","itemListElement":[{"@type":"ListItem","position":1,"name":"Accueil","item":"https:\/\/spa.revitacareacademy.com\/fr\/"},{"@type":"ListItem","position":2,"name":"MON COMPTE"}]},{"@type":"WebSite","@id":"https:\/\/spa.revitacareacademy.com\/fr\/#website","url":"https:\/\/spa.revitacareacademy.com\/fr\/","name":"SPA ACADEMY","description":"Welcome to the Spa Academy by Revitacare","potentialAction":[{"@type":"SearchAction","target":{"@type":"EntryPoint","urlTemplate":"https:\/\/spa.revitacareacademy.com\/fr\/?s={search_term_string}"},"query-input":{"@type":"PropertyValueSpecification","valueRequired":true,"valueName":"search_term_string"}}],"inLanguage":"fr-FR"}]}},"_links":{"self":[{"href":"https:\/\/spa.revitacareacademy.com\/fr\/wp-json\/wp\/v2\/pages\/767","targetHints":{"allow":["GET"]}}],"collection":[{"href":"https:\/\/spa.revitacareacademy.com\/fr\/wp-json\/wp\/v2\/pages"}],"about":[{"href":"https:\/\/spa.revitacareacademy.com\/fr\/wp-json\/wp\/v2\/types\/page"}],"author":[{"embeddable":true,"href":"https:\/\/spa.revitacareacademy.com\/fr\/wp-json\/wp\/v2\/users\/1"}],"replies":[{"embeddable":true,"href":"https:\/\/spa.revitacareacademy.com\/fr\/wp-json\/wp\/v2\/comments?post=767"}],"version-history":[{"count":8,"href":"https:\/\/spa.revitacareacademy.com\/fr\/wp-json\/wp\/v2\/pages\/767\/revisions"}],"predecessor-version":[{"id":1062,"href":"https:\/\/spa.revitacareacademy.com\/fr\/wp-json\/wp\/v2\/pages\/767\/revisions\/1062"}],"wp:attachment":[{"href":"https:\/\/spa.revitacareacademy.com\/fr\/wp-json\/wp\/v2\/media?parent=767"}],"curies":[{"name":"wp","href":"https:\/\/api.w.org\/{rel}","templated":true}]}}